{"id":133,"date":"2022-08-09T12:59:24","date_gmt":"2022-08-09T10:59:24","guid":{"rendered":"http:\/\/owit.sps19.kalisz.pl\/?page_id=133"},"modified":"2022-08-12T20:41:55","modified_gmt":"2022-08-12T18:41:55","slug":"regulaminy","status":"publish","type":"page","link":"https:\/\/owit.sps19.kalisz.pl\/?page_id=133","title":{"rendered":"REGULAMINY"},"content":{"rendered":"\n<p><strong><a href=\"http:\/\/owit.sps19.kalisz.pl\/wp-content\/uploads\/2022\/08\/Oswiadczenie-o-wyrazeniu-zgody-na-rozpowszechnianie-wizerunku-beneficjenta.pdf\" target=\"_blank\" rel=\"noreferrer noopener\">O\u015aWIADCZENIE O WYRA\u017bENIU ZGODY NA ROZPOWSZECHNIANIU WIZERUNKU &#8211; PDF<\/a><\/strong><\/p>\n\n\n\n<p><a href=\"http:\/\/owit.sps19.kalisz.pl\/wp-content\/uploads\/2022\/08\/Zgoda-na-przetwarzanie-danych-osobowych.pdf\" target=\"_blank\" rel=\"noreferrer noopener\"><strong>ZGODA NA PRZETWARZANIE DANYCH OSOBOWYCH<\/strong> <strong>&#8211; PDF<\/strong><\/a><\/p>\n\n\n\n<p><a href=\"http:\/\/owit.sps19.kalisz.pl\/wp-content\/uploads\/2022\/08\/Protokol-odbiory-technologii-asystujacej.pdf\" target=\"_blank\" rel=\"noreferrer noopener\"><strong>PROTOK\u00d3\u0141 ODBIORU TECHNOLOGII ASYSTUJ\u0104CEJ<\/strong> <strong>&#8211; PDF<\/strong><\/a><\/p>\n\n\n\n<p style=\"text-transform:uppercase\"><a href=\"http:\/\/owit.sps19.kalisz.pl\/wp-content\/uploads\/2022\/08\/Regulamin-Osrodka-Wsparcia-i-Testow.pdf\" target=\"_blank\" rel=\"noreferrer noopener\"><strong>Regulamin O\u015brodka Wsparcia i Test\u00f3w w Kaliszu<\/strong> &#8211; <strong>PDF<\/strong><\/a><\/p>\n\n\n\n<p><a href=\"http:\/\/owit.sps19.kalisz.pl\/wp-content\/uploads\/2022\/08\/Regulamin-Osrodka-Wsparcia-i-Testow.pdf\" target=\"_blank\" rel=\"noreferrer noopener\"><strong>UMOWA O NIEODP\u0141ATNE WYPO\u017bYCZENIE TECHNOLOGII ASYSTUJ\u0104CEJ<\/strong> <strong>&#8211; PDF<\/strong><\/a><\/p>\n\n\n\n<p><a href=\"http:\/\/owit.sps19.kalisz.pl\/wp-content\/uploads\/2022\/08\/Wniosek-o-nieodplatne-uzyczenie-technologii-asystujacej.pdf\" target=\"_blank\" rel=\"noreferrer noopener\"><strong>WNIOSEK O NIEODP\u0141ATNE U\u017bYCZENIE TECHNOLOGII ASYSTUJ\u0104CEJ<\/strong> <strong>-PDF<\/strong><\/a><\/p>\n\n\n\n<p><strong><a href=\"http:\/\/owit.sps19.kalisz.pl\/wp-content\/uploads\/2022\/08\/Upowaznienie.pdf\" target=\"_blank\" rel=\"noreferrer noopener\">UPOWA\u017bNIENIE &#8211; PDF<\/a><\/strong><\/p>\n\n\n\n<p><a href=\"http:\/\/owit.sps19.kalisz.pl\/wp-content\/uploads\/2022\/08\/Wniosek-o-przedluzenie-okresu-umowy.pdf\" target=\"_blank\" rel=\"noreferrer noopener\"><strong>WNIOSEK O PRZED\u0141U\u017bENIE OKRESU UMOWY DOTYCZACEJ KORZYSTANIA<br>Z TECHNOLOGII ASYSTUJ\u0104CEJ<\/strong> <strong>&#8211; PDF<\/strong><\/a><\/p>\n","protected":false},"excerpt":{"rendered":"<p>O\u015aWIADCZENIE O WYRA\u017bENIU ZGODY NA ROZPOWSZECHNIANIU WIZERUNKU &#8211; PDF ZGODA NA PRZETWARZANIE DANYCH OSOBOWYCH &#8211; PDF PROTOK\u00d3\u0141 ODBIORU TECHNOLOGII ASYSTUJ\u0104CEJ &#8211; PDF Regulamin O\u015brodka Wsparcia i Test\u00f3w w Kaliszu &#8211; PDF UMOWA O NIEODP\u0141ATNE WYPO\u017bYCZENIE TECHNOLOGII ASYSTUJ\u0104CEJ &#8211; PDF WNIOSEK O NIEODP\u0141ATNE U\u017bYCZENIE TECHNOLOGII ASYSTUJ\u0104CEJ -PDF UPOWA\u017bNIENIE &#8211; PDF WNIOSEK O PRZED\u0141U\u017bENIE OKRESU UMOWY DOTYCZACEJ &hellip; <a href=\"https:\/\/owit.sps19.kalisz.pl\/?page_id=133\" class=\"more-link\">Czytaj dalej <span class=\"screen-reader-text\">REGULAMINY<\/span><\/a><\/p>\n","protected":false},"author":1,"featured_media":0,"parent":0,"menu_order":0,"comment_status":"closed","ping_status":"closed","template":"page-templates\/full-width.php","meta":{"footnotes":""},"class_list":["post-133","page","type-page","status-publish","hentry"],"yoast_head":"<!-- This site is optimized with the Yoast SEO plugin v27.4 - https:\/\/yoast.com\/product\/yoast-seo-wordpress\/ -->\n<title>REGULAMINY -<\/title>\n<meta name=\"robots\" content=\"index, follow, max-snippet:-1, max-image-preview:large, max-video-preview:-1\" \/>\n<link rel=\"canonical\" href=\"https:\/\/owit.sps19.kalisz.pl\/?page_id=133\" \/>\n<meta property=\"og:locale\" content=\"pl_PL\" \/>\n<meta property=\"og:type\" content=\"article\" \/>\n<meta property=\"og:title\" content=\"REGULAMINY -\" \/>\n<meta property=\"og:description\" content=\"O\u015aWIADCZENIE O WYRA\u017bENIU ZGODY NA ROZPOWSZECHNIANIU WIZERUNKU &#8211; PDF ZGODA NA PRZETWARZANIE DANYCH OSOBOWYCH &#8211; PDF PROTOK\u00d3\u0141 ODBIORU TECHNOLOGII ASYSTUJ\u0104CEJ &#8211; PDF Regulamin O\u015brodka Wsparcia i Test\u00f3w w Kaliszu &#8211; PDF UMOWA O NIEODP\u0141ATNE WYPO\u017bYCZENIE TECHNOLOGII ASYSTUJ\u0104CEJ &#8211; PDF WNIOSEK O NIEODP\u0141ATNE U\u017bYCZENIE TECHNOLOGII ASYSTUJ\u0104CEJ -PDF UPOWA\u017bNIENIE &#8211; PDF WNIOSEK O PRZED\u0141U\u017bENIE OKRESU UMOWY DOTYCZACEJ &hellip; Czytaj dalej REGULAMINY\" \/>\n<meta property=\"og:url\" content=\"https:\/\/owit.sps19.kalisz.pl\/?page_id=133\" \/>\n<meta property=\"article:modified_time\" content=\"2022-08-12T18:41:55+00:00\" \/>\n<meta name=\"twitter:card\" content=\"summary_large_image\" \/>\n<meta name=\"twitter:label1\" content=\"Szacowany czas czytania\" \/>\n\t<meta name=\"twitter:data1\" content=\"1 minuta\" \/>\n<script type=\"application\/ld+json\" class=\"yoast-schema-graph\">{\"@context\":\"https:\\\/\\\/schema.org\",\"@graph\":[{\"@type\":\"WebPage\",\"@id\":\"https:\\\/\\\/owit.sps19.kalisz.pl\\\/?page_id=133\",\"url\":\"https:\\\/\\\/owit.sps19.kalisz.pl\\\/?page_id=133\",\"name\":\"REGULAMINY -\",\"isPartOf\":{\"@id\":\"https:\\\/\\\/owit.sps19.kalisz.pl\\\/#website\"},\"datePublished\":\"2022-08-09T10:59:24+00:00\",\"dateModified\":\"2022-08-12T18:41:55+00:00\",\"breadcrumb\":{\"@id\":\"https:\\\/\\\/owit.sps19.kalisz.pl\\\/?page_id=133#breadcrumb\"},\"inLanguage\":\"pl-PL\",\"potentialAction\":[{\"@type\":\"ReadAction\",\"target\":[\"https:\\\/\\\/owit.sps19.kalisz.pl\\\/?page_id=133\"]}]},{\"@type\":\"BreadcrumbList\",\"@id\":\"https:\\\/\\\/owit.sps19.kalisz.pl\\\/?page_id=133#breadcrumb\",\"itemListElement\":[{\"@type\":\"ListItem\",\"position\":1,\"name\":\"Home\",\"item\":\"https:\\\/\\\/owit.sps19.kalisz.pl\\\/\"},{\"@type\":\"ListItem\",\"position\":2,\"name\":\"REGULAMINY\"}]},{\"@type\":\"WebSite\",\"@id\":\"https:\\\/\\\/owit.sps19.kalisz.pl\\\/#website\",\"url\":\"https:\\\/\\\/owit.sps19.kalisz.pl\\\/\",\"name\":\"\",\"description\":\"\",\"potentialAction\":[{\"@type\":\"SearchAction\",\"target\":{\"@type\":\"EntryPoint\",\"urlTemplate\":\"https:\\\/\\\/owit.sps19.kalisz.pl\\\/?s={search_term_string}\"},\"query-input\":{\"@type\":\"PropertyValueSpecification\",\"valueRequired\":true,\"valueName\":\"search_term_string\"}}],\"inLanguage\":\"pl-PL\"}]}<\/script>\n<!-- \/ Yoast SEO plugin. -->","yoast_head_json":{"title":"REGULAMINY -","robots":{"index":"index","follow":"follow","max-snippet":"max-snippet:-1","max-image-preview":"max-image-preview:large","max-video-preview":"max-video-preview:-1"},"canonical":"https:\/\/owit.sps19.kalisz.pl\/?page_id=133","og_locale":"pl_PL","og_type":"article","og_title":"REGULAMINY -","og_description":"O\u015aWIADCZENIE O WYRA\u017bENIU ZGODY NA ROZPOWSZECHNIANIU WIZERUNKU &#8211; PDF ZGODA NA PRZETWARZANIE DANYCH OSOBOWYCH &#8211; PDF PROTOK\u00d3\u0141 ODBIORU TECHNOLOGII ASYSTUJ\u0104CEJ &#8211; PDF Regulamin O\u015brodka Wsparcia i Test\u00f3w w Kaliszu &#8211; PDF UMOWA O NIEODP\u0141ATNE WYPO\u017bYCZENIE TECHNOLOGII ASYSTUJ\u0104CEJ &#8211; PDF WNIOSEK O NIEODP\u0141ATNE U\u017bYCZENIE TECHNOLOGII ASYSTUJ\u0104CEJ -PDF UPOWA\u017bNIENIE &#8211; PDF WNIOSEK O PRZED\u0141U\u017bENIE OKRESU UMOWY DOTYCZACEJ &hellip; Czytaj dalej REGULAMINY","og_url":"https:\/\/owit.sps19.kalisz.pl\/?page_id=133","article_modified_time":"2022-08-12T18:41:55+00:00","twitter_card":"summary_large_image","twitter_misc":{"Szacowany czas czytania":"1 minuta"},"schema":{"@context":"https:\/\/schema.org","@graph":[{"@type":"WebPage","@id":"https:\/\/owit.sps19.kalisz.pl\/?page_id=133","url":"https:\/\/owit.sps19.kalisz.pl\/?page_id=133","name":"REGULAMINY -","isPartOf":{"@id":"https:\/\/owit.sps19.kalisz.pl\/#website"},"datePublished":"2022-08-09T10:59:24+00:00","dateModified":"2022-08-12T18:41:55+00:00","breadcrumb":{"@id":"https:\/\/owit.sps19.kalisz.pl\/?page_id=133#breadcrumb"},"inLanguage":"pl-PL","potentialAction":[{"@type":"ReadAction","target":["https:\/\/owit.sps19.kalisz.pl\/?page_id=133"]}]},{"@type":"BreadcrumbList","@id":"https:\/\/owit.sps19.kalisz.pl\/?page_id=133#breadcrumb","itemListElement":[{"@type":"ListItem","position":1,"name":"Home","item":"https:\/\/owit.sps19.kalisz.pl\/"},{"@type":"ListItem","position":2,"name":"REGULAMINY"}]},{"@type":"WebSite","@id":"https:\/\/owit.sps19.kalisz.pl\/#website","url":"https:\/\/owit.sps19.kalisz.pl\/","name":"","description":"","potentialAction":[{"@type":"SearchAction","target":{"@type":"EntryPoint","urlTemplate":"https:\/\/owit.sps19.kalisz.pl\/?s={search_term_string}"},"query-input":{"@type":"PropertyValueSpecification","valueRequired":true,"valueName":"search_term_string"}}],"inLanguage":"pl-PL"}]}},"_links":{"self":[{"href":"https:\/\/owit.sps19.kalisz.pl\/index.php?rest_route=\/wp\/v2\/pages\/133","targetHints":{"allow":["GET"]}}],"collection":[{"href":"https:\/\/owit.sps19.kalisz.pl\/index.php?rest_route=\/wp\/v2\/pages"}],"about":[{"href":"https:\/\/owit.sps19.kalisz.pl\/index.php?rest_route=\/wp\/v2\/types\/page"}],"author":[{"embeddable":true,"href":"https:\/\/owit.sps19.kalisz.pl\/index.php?rest_route=\/wp\/v2\/users\/1"}],"replies":[{"embeddable":true,"href":"https:\/\/owit.sps19.kalisz.pl\/index.php?rest_route=%2Fwp%2Fv2%2Fcomments&post=133"}],"version-history":[{"count":3,"href":"https:\/\/owit.sps19.kalisz.pl\/index.php?rest_route=\/wp\/v2\/pages\/133\/revisions"}],"predecessor-version":[{"id":189,"href":"https:\/\/owit.sps19.kalisz.pl\/index.php?rest_route=\/wp\/v2\/pages\/133\/revisions\/189"}],"wp:attachment":[{"href":"https:\/\/owit.sps19.kalisz.pl\/index.php?rest_route=%2Fwp%2Fv2%2Fmedia&parent=133"}],"curies":[{"name":"wp","href":"https:\/\/api.w.org\/{rel}","templated":true}]}}